{"id":270,"date":"2024-09-17T16:58:25","date_gmt":"2024-09-17T08:58:25","guid":{"rendered":"http:\/\/localhost\/?post_type=product&#038;p=270"},"modified":"2026-03-30T09:06:24","modified_gmt":"2026-03-30T01:06:24","slug":"r10-mini-excavator","status":"publish","type":"product","link":"https:\/\/www.rippa.com\/de\/product\/r10-mini-bagger\/","title":{"rendered":"Minibagger R10"},"content":{"rendered":"<p><img loading=\"lazy\" decoding=\"async\" class=\"alignnone size-full wp-image-1708\" src=\"https:\/\/www.rippa.com\/wp-content\/uploads\/2024\/09\/CE.jpg\" alt=\"\" width=\"56\" height=\"29\" srcset=\"https:\/\/www.rippa.com\/wp-content\/uploads\/2024\/09\/CE.jpg 56w, https:\/\/www.rippa.com\/wp-content\/uploads\/2024\/09\/CE-18x9.jpg 18w\" sizes=\"auto, (max-width: 56px) 100vw, 56px\" \/> \u00a0<img loading=\"lazy\" decoding=\"async\" class=\"alignnone size-full wp-image-1709\" src=\"https:\/\/www.rippa.com\/wp-content\/uploads\/2024\/09\/EPA-4.jpg\" alt=\"\" width=\"56\" height=\"29\" srcset=\"https:\/\/www.rippa.com\/wp-content\/uploads\/2024\/09\/EPA-4.jpg 56w, https:\/\/www.rippa.com\/wp-content\/uploads\/2024\/09\/EPA-4-18x9.jpg 18w\" sizes=\"auto, (max-width: 56px) 100vw, 56px\" \/> \u00a0<img loading=\"lazy\" decoding=\"async\" class=\"alignnone size-full wp-image-1710\" src=\"https:\/\/www.rippa.com\/wp-content\/uploads\/2024\/09\/\u6b27\u4e94.jpg\" alt=\"\" width=\"56\" height=\"29\" srcset=\"https:\/\/www.rippa.com\/wp-content\/uploads\/2024\/09\/\u6b27\u4e94.jpg 56w, https:\/\/www.rippa.com\/wp-content\/uploads\/2024\/09\/\u6b27\u4e94-18x9.jpg 18w\" sizes=\"auto, (max-width: 56px) 100vw, 56px\" \/><\/p>\n<p>RIPPA R10 ECO mini excavator is a homeowner-friendly starter built for practical backyard projects. It\u2019s well suited to fence installation work and light digging with straightforward operation and easy upkeep. Ideal for seasonal property tasks and routine improvements.<\/p>\n<p><span style=\"font-size: 14pt;\"><strong>Rekrutierung von Agenten weltweit:<\/strong><\/span><br \/>\nDas Lager ist im n\u00e4chstgelegenen Vertriebszentrum verf\u00fcgbar, mit schneller Lieferung und komplettem Zubeh\u00f6r.<br \/>\nDie Mitarbeiter des Kundendienstes sind 24 Stunden am Tag online, um Sie zu unterst\u00fctzen.<br \/>\nGeben Sie Ihre Daten ein, holen Sie ein Angebot ein und werden Sie unser Agent!<\/p>","protected":false},"featured_media":12218,"parent":0,"template":"","meta":{"_acf_changed":false,"_seopress_robots_primary_cat":"none","_seopress_titles_title":"","_seopress_titles_desc":"","_seopress_robots_index":""},"categoryproduct":[29],"class_list":["post-270","product","type-product","status-publish","has-post-thumbnail","hentry","categoryproduct-mini-excavator"],"acf":[],"_links":{"self":[{"href":"https:\/\/www.rippa.com\/de\/wp-json\/wp\/v2\/product\/270","targetHints":{"allow":["GET"]}}],"collection":[{"href":"https:\/\/www.rippa.com\/de\/wp-json\/wp\/v2\/product"}],"about":[{"href":"https:\/\/www.rippa.com\/de\/wp-json\/wp\/v2\/types\/product"}],"wp:featuredmedia":[{"embeddable":true,"href":"https:\/\/www.rippa.com\/de\/wp-json\/wp\/v2\/media\/12218"}],"wp:attachment":[{"href":"https:\/\/www.rippa.com\/de\/wp-json\/wp\/v2\/media?parent=270"}],"wp:term":[{"taxonomy":"categoryproduct","embeddable":true,"href":"https:\/\/www.rippa.com\/de\/wp-json\/wp\/v2\/categoryproduct?post=270"}],"curies":[{"name":"wp","href":"https:\/\/api.w.org\/{rel}","templated":true}]}}