{"id":23,"date":"2024-08-13T14:57:38","date_gmt":"2024-08-13T06:57:38","guid":{"rendered":"http:\/\/haonuo.cc\/?page_id=23"},"modified":"2025-06-06T14:40:48","modified_gmt":"2025-06-06T06:40:48","slug":"aboutus","status":"publish","type":"page","link":"https:\/\/www.rippa.com\/es\/sobre-nosotros\/","title":{"rendered":"Qui\u00e9nes somos"},"content":{"rendered":"<p>Shandong Rippa Machinery Group Co., Ltd. es una empresa global de fabricaci\u00f3n de maquinaria con sede en Jining, provincia de Shandong, China, enfocada en la investigaci\u00f3n, desarrollo, producci\u00f3n y venta de maquinaria y equipos de construcci\u00f3n de alta calidad. Los productos de la empresa incluyen excavadoras, cargadores, carretillas elevadoras, cargadores deslizantes y sus accesorios, que son ampliamente usados en agricultura, construcci\u00f3n, miner\u00eda y otras industrias. Con capacidades de I + D innovadoras y un estricto control de calidad, los equipos proporcionados por Rippa Machinery gozan de una gran reputaci\u00f3n en todo el mundo. Exportamos principalmente a los mercados europeos y estadounidenses y ofrecemos un a\u00f1o de garant\u00eda de calidad, comprometidos a satisfacer las necesidades de los clientes de productos rentables y de alta calidad. Rippa tambi\u00e9n tiene m\u00faltiples agentes en todo el mundo, proporcionando servicios de ventanilla \u00fanica desde la consulta pre-venta hasta el soporte post-venta, asegurando que los clientes obtengan la mejor experiencia en la selecci\u00f3n de productos, entrega y mantenimiento.<\/p>","protected":false},"excerpt":{"rendered":"<p>Shandong Rippa Machinery Group Co., Ltd. is a global machinery manufacturing company headquartered in Jining, Shandong Province, China, focusing on the research, development, production and sales of high-quality construction machinery and equipment. The company&#8217;s products include excavators, loaders, forklifts, skid loaders and their accessories, which are widely used in agriculture, construction, mining and other industries. [&hellip;]<\/p>","protected":false},"author":1,"featured_media":2813,"parent":0,"menu_order":3,"comment_status":"closed","ping_status":"closed","template":"about.php","meta":{"_acf_changed":false,"_seopress_robots_primary_cat":"","_seopress_titles_title":"","_seopress_titles_desc":"","_seopress_robots_index":"","footnotes":""},"class_list":["post-23","page","type-page","status-publish","has-post-thumbnail","hentry"],"acf":[],"_links":{"self":[{"href":"https:\/\/www.rippa.com\/es\/wp-json\/wp\/v2\/pages\/23","targetHints":{"allow":["GET"]}}],"collection":[{"href":"https:\/\/www.rippa.com\/es\/wp-json\/wp\/v2\/pages"}],"about":[{"href":"https:\/\/www.rippa.com\/es\/wp-json\/wp\/v2\/types\/page"}],"author":[{"embeddable":true,"href":"https:\/\/www.rippa.com\/es\/wp-json\/wp\/v2\/users\/1"}],"replies":[{"embeddable":true,"href":"https:\/\/www.rippa.com\/es\/wp-json\/wp\/v2\/comments?post=23"}],"version-history":[{"count":0,"href":"https:\/\/www.rippa.com\/es\/wp-json\/wp\/v2\/pages\/23\/revisions"}],"wp:featuredmedia":[{"embeddable":true,"href":"https:\/\/www.rippa.com\/es\/wp-json\/wp\/v2\/media\/2813"}],"wp:attachment":[{"href":"https:\/\/www.rippa.com\/es\/wp-json\/wp\/v2\/media?parent=23"}],"curies":[{"name":"wp","href":"https:\/\/api.w.org\/{rel}","templated":true}]}}