{"id":235,"date":"2024-09-17T16:55:27","date_gmt":"2024-09-17T08:55:27","guid":{"rendered":"http:\/\/localhost\/?post_type=product&#038;p=235"},"modified":"2026-03-30T15:55:51","modified_gmt":"2026-03-30T07:55:51","slug":"mini-excavator-r18","status":"publish","type":"product","link":"https:\/\/www.rippa.com\/es\/product\/miniexcavadora-r18\/","title":{"rendered":"Miniexcavadora R18"},"content":{"rendered":"<p><img loading=\"lazy\" decoding=\"async\" class=\"alignnone size-full wp-image-1708\" src=\"https:\/\/www.rippa.com\/wp-content\/uploads\/2024\/09\/CE.jpg\" alt=\"\" width=\"56\" height=\"29\" srcset=\"https:\/\/www.rippa.com\/wp-content\/uploads\/2024\/09\/CE.jpg 56w, https:\/\/www.rippa.com\/wp-content\/uploads\/2024\/09\/CE-18x9.jpg 18w\" sizes=\"auto, (max-width: 56px) 100vw, 56px\" \/> \u00a0<img loading=\"lazy\" decoding=\"async\" class=\"alignnone size-full wp-image-1709\" src=\"https:\/\/www.rippa.com\/wp-content\/uploads\/2024\/09\/EPA-4.jpg\" alt=\"\" width=\"56\" height=\"29\" srcset=\"https:\/\/www.rippa.com\/wp-content\/uploads\/2024\/09\/EPA-4.jpg 56w, https:\/\/www.rippa.com\/wp-content\/uploads\/2024\/09\/EPA-4-18x9.jpg 18w\" sizes=\"auto, (max-width: 56px) 100vw, 56px\" \/> \u00a0<img loading=\"lazy\" decoding=\"async\" class=\"alignnone size-full wp-image-1710\" src=\"https:\/\/www.rippa.com\/wp-content\/uploads\/2024\/09\/\u6b27\u4e94.jpg\" alt=\"\" width=\"56\" height=\"29\" srcset=\"https:\/\/www.rippa.com\/wp-content\/uploads\/2024\/09\/\u6b27\u4e94.jpg 56w, https:\/\/www.rippa.com\/wp-content\/uploads\/2024\/09\/\u6b27\u4e94-18x9.jpg 18w\" sizes=\"auto, (max-width: 56px) 100vw, 56px\" \/><\/p>\n<p>RIPPA R18 PRO mini excavator is reinforced for tougher ground, roots, and heavier property work. It\u2019s designed to maintain traction and stability during demanding cleanup and land restoration tasks. Ideal for landowners who frequently handle roots, logs, and stubborn soil conditions.<\/p>\n<p><span style=\"font-size: 14pt;\"><strong>Contrataci\u00f3n de agentes en todo el mundo:<\/strong><\/span><br \/>\nDisponemos de stock en el Centro de Distribuci\u00f3n m\u00e1s cercano a usted, con entrega r\u00e1pida y accesorios completos.<br \/>\nEl personal del servicio de atenci\u00f3n al cliente est\u00e1 en l\u00ednea las 24 horas del d\u00eda para atenderle.<br \/>\nRellene sus datos, obtenga un presupuesto y convi\u00e9rtase en nuestro agente.<\/p>","protected":false},"featured_media":12289,"parent":0,"template":"","meta":{"_acf_changed":false,"_seopress_robots_primary_cat":"none","_seopress_titles_title":"","_seopress_titles_desc":"","_seopress_robots_index":""},"categoryproduct":[29],"class_list":["post-235","product","type-product","status-publish","has-post-thumbnail","hentry","categoryproduct-mini-excavator"],"acf":[],"_links":{"self":[{"href":"https:\/\/www.rippa.com\/es\/wp-json\/wp\/v2\/product\/235","targetHints":{"allow":["GET"]}}],"collection":[{"href":"https:\/\/www.rippa.com\/es\/wp-json\/wp\/v2\/product"}],"about":[{"href":"https:\/\/www.rippa.com\/es\/wp-json\/wp\/v2\/types\/product"}],"wp:featuredmedia":[{"embeddable":true,"href":"https:\/\/www.rippa.com\/es\/wp-json\/wp\/v2\/media\/12289"}],"wp:attachment":[{"href":"https:\/\/www.rippa.com\/es\/wp-json\/wp\/v2\/media?parent=235"}],"wp:term":[{"taxonomy":"categoryproduct","embeddable":true,"href":"https:\/\/www.rippa.com\/es\/wp-json\/wp\/v2\/categoryproduct?post=235"}],"curies":[{"name":"wp","href":"https:\/\/api.w.org\/{rel}","templated":true}]}}